{"id":313,"date":"2016-03-04T15:39:39","date_gmt":"2016-03-04T15:39:39","guid":{"rendered":"http:\/\/centrebertrandgruss.com\/WordPress4\/?page_id=313"},"modified":"2019-03-12T22:52:23","modified_gmt":"2019-03-12T22:52:23","slug":"therapie-2","status":"publish","type":"page","link":"https:\/\/centrebertrandgruss.com\/WordPress4\/?page_id=313","title":{"rendered":"Th\u00e9rapie"},"content":{"rendered":"<div id=\"cornice01main\">\n<div id=\"cornice02main\">\n  <span style=\"font-family: verdana,geneva,sans-serif; font-size: 14pt;\">LA METODOLOGIE -LA VOIX DE L&#8217;EMOTION<\/span><br \/>\nLe projet \u00ab Th\u00e9\u00e2tre et voix \u00e0 l\u2019h\u00f4pital psychiatrique \u00bb a gagn\u00e9 le premier prix d\u2019\u00cele-de-France suite \u00e0 l\u2019appel de la MAIF  \u00ab\u00a0L\u2019\u00e9ducation pour tous\u00a0\u00bb dont la remise s\u2019est effectu\u00e9e \u00e0 l\u2019 Assembl\u00e9e nationale.<br \/>\nBas\u00e9 sur la ph\u00e9nom\u00e9nologie du son, la \u00ab voix de l\u2019\u00e9motion \u00bb est l\u2019intitul\u00e9 de la m\u00e9thodologie qui consid\u00e8re la voix humaine comme le r\u00e9servoir de la m\u00e9moire du v\u00e9cu et  la source du potentiel expressif. Travailler sans pr\u00e9jug\u00e9s sur la voix et sur ses caract\u00e9ristiques, cela signifie valoriser les caract\u00e9ristiques les plus profondes de l\u2019individu. A travers l\u2019\u00e9laboration des sons, les manifestations vocales telles qu\u2019elles se pr\u00e9sentent, il est possible de repousser  la limite de la verbalisation, parfois difficile ou impossible. Dans les ateliers, nous proposons des exercices li\u00e9s \u00e0 la sensorialit\u00e9, \u00e0 la perception de l\u2019espace en soi et hors de soi. La musique, m\u00e9talangage par antonomase sera un  instrument compl\u00e9mentaire pour le travail sur les \u00e9motions et les \u00e9tats d\u2019\u00e2me. Le travail sur le corps et la voix est fondamental pour apprendre ses propres capacit\u00e9s expressives, pour comprendre que les limites dans l\u2019art th\u00e9\u00e2tral, n\u2019existent pas. Tout devient un point de force interpr\u00e9tatif dont l\u2019unicit\u00e9 de l\u2019individu est le fondement souverain. <\/p>\n<p> <span style=\"text-decoration: underline;\"><span style=\"font-family: verdana,geneva,sans-serif; font-size: 12pt;\">A l&#8217;h\u00f4pital de jour:<\/span><\/span><\/p>\n<p>Lors des rencontres, les patients ont l\u2019opportunit\u00e9 de trouver une nouvelle fa\u00e7on de g\u00e9rer leur malaise en le transformant \u00e0 travers l\u2019art et en exprimant leur cr\u00e9ativit\u00e9. Gr\u00e2ce au th\u00e9\u00e2tre, Ils ont la possibilit\u00e9 de se montrer, de s\u2019amuser et travailler en groupe, d\u2019avoir un lieu o\u00f9 y \u00eatre int\u00e9gralement, un  lieu dans lequel le jugement est suspendu et un objectif est partag\u00e9\u00a0: le spectacle.<\/p>\n<p>Cette m\u00e9thodologie a \u00e9t\u00e9  d\u00e9velopp\u00e9e par Diego Bragonzi Bignami e et  Lucia Vasini  durant   quinze ann\u00e9es de travail aupr\u00e8s des structures hospitali\u00e8res italiennes.\n<\/p><\/div>\n<\/div>\n","protected":false},"excerpt":{"rendered":"<p>LA METODOLOGIE -LA VOIX DE L&#8217;EMOTION Le projet \u00ab Th\u00e9\u00e2tre et voix \u00e0 l\u2019h\u00f4pital psychiatrique \u00bb a gagn\u00e9 le premier prix d\u2019\u00cele-de-France suite \u00e0 l\u2019appel de la MAIF \u00ab\u00a0L\u2019\u00e9ducation pour tous\u00a0\u00bb dont la remise s\u2019est effectu\u00e9e \u00e0 l\u2019 Assembl\u00e9e nationale. Bas\u00e9 sur la ph\u00e9nom\u00e9nologie du son, la \u00ab voix de l\u2019\u00e9motion \u00bb est l\u2019intitul\u00e9 de [&#8230;]\n","protected":false},"author":1,"featured_media":0,"parent":0,"menu_order":28,"comment_status":"closed","ping_status":"closed","template":"page-right-sidebar-modded.php","meta":{"footnotes":""},"class_list":["post-313","page","type-page","status-publish","hentry"],"rttpg_featured_image_url":null,"rttpg_author":{"display_name":"admin","author_link":"https:\/\/centrebertrandgruss.com\/WordPress4\/?author=1"},"rttpg_comment":0,"rttpg_category":" <a href=\"https:\/\/centrebertrandgruss.com\/WordPress4\/\" rel=\"tag\">Fran\u00e7ais<\/a>","rttpg_excerpt":"LA METODOLOGIE -LA VOIX DE L&#8217;EMOTION Le projet \u00ab Th\u00e9\u00e2tre et voix \u00e0 l\u2019h\u00f4pital psychiatrique \u00bb a gagn\u00e9 le premier prix d\u2019\u00cele-de-France suite \u00e0 l\u2019appel de la MAIF \u00ab\u00a0L\u2019\u00e9ducation pour tous\u00a0\u00bb dont la remise s\u2019est effectu\u00e9e \u00e0 l\u2019 Assembl\u00e9e nationale. Bas\u00e9 sur la ph\u00e9nom\u00e9nologie du son, la \u00ab voix de l\u2019\u00e9motion \u00bb est l\u2019intitul\u00e9 de&hellip;","_links":{"self":[{"href":"https:\/\/centrebertrandgruss.com\/WordPress4\/index.php?rest_route=\/wp\/v2\/pages\/313","targetHints":{"allow":["GET"]}}],"collection":[{"href":"https:\/\/centrebertrandgruss.com\/WordPress4\/index.php?rest_route=\/wp\/v2\/pages"}],"about":[{"href":"https:\/\/centrebertrandgruss.com\/WordPress4\/index.php?rest_route=\/wp\/v2\/types\/page"}],"author":[{"embeddable":true,"href":"https:\/\/centrebertrandgruss.com\/WordPress4\/index.php?rest_route=\/wp\/v2\/users\/1"}],"replies":[{"embeddable":true,"href":"https:\/\/centrebertrandgruss.com\/WordPress4\/index.php?rest_route=%2Fwp%2Fv2%2Fcomments&post=313"}],"version-history":[{"count":9,"href":"https:\/\/centrebertrandgruss.com\/WordPress4\/index.php?rest_route=\/wp\/v2\/pages\/313\/revisions"}],"predecessor-version":[{"id":1003,"href":"https:\/\/centrebertrandgruss.com\/WordPress4\/index.php?rest_route=\/wp\/v2\/pages\/313\/revisions\/1003"}],"wp:attachment":[{"href":"https:\/\/centrebertrandgruss.com\/WordPress4\/index.php?rest_route=%2Fwp%2Fv2%2Fmedia&parent=313"}],"curies":[{"name":"wp","href":"https:\/\/api.w.org\/{rel}","templated":true}]}}