{"id":8,"date":"2016-02-15T09:30:38","date_gmt":"2016-02-15T09:30:38","guid":{"rendered":"http:\/\/centrebertrandgruss.com\/WordPress4\/?page_id=8"},"modified":"2025-05-28T10:26:51","modified_gmt":"2025-05-28T10:26:51","slug":"eventi","status":"publish","type":"page","link":"https:\/\/centrebertrandgruss.com\/WordPress4\/?page_id=8","title":{"rendered":"Actualit\u00e9"},"content":{"rendered":"\n<div id=\"cornice01main\">\n<div id=\"cornice02main\">\n<style type='text\/css' media='all'>#rt-tpg-container-2234200454 .rt-holder .rt-woo-info .price{color:#0367bf;}body .rt-tpg-container .rt-tpg-isotope-buttons .selected,\n\t\t\t\t\t#rt-tpg-container-2234200454 .layout12 .rt-holder:hover .rt-detail,\n\t\t\t\t\t#rt-tpg-container-2234200454 .isotope8 .rt-holder:hover .rt-detail,\n\t\t\t\t\t#rt-tpg-container-2234200454 .carousel8 .rt-holder:hover .rt-detail,\n\t\t\t\t\t#rt-tpg-container-2234200454 .layout13 .rt-holder .overlay .post-info,\n\t\t\t\t\t#rt-tpg-container-2234200454 .isotope9 .rt-holder .overlay .post-info,\n\t\t\t\t\t#rt-tpg-container-2234200454.rt-tpg-container .layout4 .rt-holder .rt-detail,\n\t\t\t\t\t.rt-modal-2234200454 .md-content,\n\t\t\t\t\t.rt-modal-2234200454 .md-content > .rt-md-content-holder .rt-md-content,\n\t\t\t\t\t.rt-popup-wrap-2234200454.rt-popup-wrap .rt-popup-navigation-wrap,\n\t\t\t\t\t#rt-tpg-container-2234200454 .carousel9 .rt-holder .overlay .post-info{background-color:#0367bf;}#rt-tpg-container-2234200454 .layout5 .rt-holder .overlay, #rt-tpg-container-2234200454 .isotope2 .rt-holder .overlay, #rt-tpg-container-2234200454 .carousel2 .rt-holder .overlay,#rt-tpg-container-2234200454 .layout15 .rt-holder h3, #rt-tpg-container-2234200454 .isotope11 .rt-holder h3, #rt-tpg-container-2234200454 .carousel11 .rt-holder h3, #rt-tpg-container-2234200454 .layout16 .rt-holder h3,\n\t\t\t\t\t#rt-tpg-container-2234200454 .isotope12 .rt-holder h3, #rt-tpg-container-2234200454 .carousel12 .rt-holder h3 {background-color:rgba(3,103,191,0.8);}#rt-tpg-container-2234200454 .read-more a{border-radius:px;}#rt-tpg-container-2234200454 .rt-img-holder img.rt-img-responsive,#rt-tpg-container-2234200454 .rt-img-holder,\n\t\t\t\t\t#rt-tpg-container-2234200454 .rt-post-overlay .post-img,\n\t\t\t\t\t#rt-tpg-container-2234200454 .post-sm .post-img,\n\t\t\t\t\t#rt-tpg-container-2234200454 .rt-post-grid .post-img,\n\t\t\t\t\t#rt-tpg-container-2234200454 .post-img img {border-radius:px;}#rt-tpg-container-2234200454 .layout1 .rt-holder h2.entry-title,\n\t\t\t\t\t#rt-tpg-container-2234200454 .layout1 .rt-holder h3.entry-title,\n\t\t\t\t\t#rt-tpg-container-2234200454 .layout1 .rt-holder h4.entry-title,\n\t\t\t\t\t#rt-tpg-container-2234200454 .layout1 .rt-holder h2.entry-title a,\n\t\t\t\t\t#rt-tpg-container-2234200454 .layout1 .rt-holder h3.entry-title a,\n\t\t\t\t\t#rt-tpg-container-2234200454 .layout1 .rt-holder h4.entry-title a,\n\t\t\t\t\t#rt-tpg-container-2234200454 .rt-holder .rt-woo-info h2 a,\n\t\t\t\t\t#rt-tpg-container-2234200454 .rt-holder .rt-woo-info h3 a,\n\t\t\t\t\t#rt-tpg-container-2234200454 .rt-holder .rt-woo-info h4 a,\n\t\t\t\t\t#rt-tpg-container-2234200454 .post-content .post-title,\n\t\t\t\t\t#rt-tpg-container-2234200454 .rt-post-grid .post-title,\n\t\t\t\t\t#rt-tpg-container-2234200454 .rt-post-grid .post-title a,\n\t\t\t\t\t#rt-tpg-container-2234200454 .post-content .post-title a,\n\t\t\t\t\t#rt-tpg-container-2234200454 .rt-holder .rt-woo-info h2,\n\t\t\t\t\t#rt-tpg-container-2234200454 .rt-holder .rt-woo-info h3,\n\t\t\t\t\t#rt-tpg-container-2234200454 .rt-holder .rt-woo-info h4{color:#1e1e1e;font-size:13px;line-height:23px;font-weight:500;text-align:center;}#rt-tpg-container-2234200454 .post-grid-lg-style-1 .post-title,\n\t\t\t\t\t\t#rt-tpg-container-2234200454 .post-grid-lg-style-1 .post-title a,\n\t\t\t\t\t\t#rt-tpg-container-2234200454 .big-layout .post-title,\n\t\t\t\t\t\t#rt-tpg-container-2234200454 .big-layout .post-title a,\n\t\t\t\t\t\t#rt-tpg-container-2234200454 .post-grid-lg-style-1 .post-title,\n\t\t\t\t\t\t#rt-tpg-container-2234200454 .post-grid-lg-style-1 .post-title a {font-size:21px;line-height:31px;}#rt-tpg-container-2234200454 .layout1 .rt-holder h2.entry-title:hover,\n\t\t\t\t\t#rt-tpg-container-2234200454 .layout1 .rt-holder h3.entry-title:hover,\n\t\t\t\t\t#rt-tpg-container-2234200454 .layout1 .rt-holder h4.entry-title:hover,\n\t\t\t\t\t#rt-tpg-container-2234200454 .layout1 .rt-holder h2.entry-title a:hover,\n\t\t\t\t\t#rt-tpg-container-2234200454 .layout1 .rt-holder h3.entry-title a:hover,\n\t\t\t\t\t#rt-tpg-container-2234200454 .layout1 .rt-holder h4.entry-title a:hover,\n\t\t\t\t\t#rt-tpg-container-2234200454 .post-content .post-title a:hover,\n\t\t\t\t\t#rt-tpg-container-2234200454 .rt-post-grid .post-title a:hover,\n\t\t\t\t\t#rt-tpg-container-2234200454 .rt-holder .rt-woo-info h2 a:hover,\n\t\t\t\t\t#rt-tpg-container-2234200454 .rt-holder .rt-woo-info h3 a:hover,\n\t\t\t\t\t#rt-tpg-container-2234200454 .rt-holder .rt-woo-info h4 a:hover,\n\t\t\t\t\t#rt-tpg-container-2234200454 .rt-holder .rt-woo-info h2:hover,\n\t\t\t\t\t#rt-tpg-container-2234200454 .rt-holder .rt-woo-info h3:hover,\n\t\t\t\t\t#rt-tpg-container-2234200454 .rt-holder .rt-woo-info h4:hover{color:#f04d44 !important;}#rt-tpg-container-2234200454 .layout1 .rt-holder .tpg-excerpt,#rt-tpg-container-2234200454 .layout1 .tpg-excerpt,#rt-tpg-container-2234200454 .layout1 .rt-holder .post-content,#rt-tpg-container-2234200454 .rt-holder .rt-woo-info p,#rt-tpg-container-2234200454 .post-content p {font-size:13px;}#rt-tpg-container-2234200454 .layout1 .rt-holder .post-meta-user,\n\t\t\t\t\t#rt-tpg-container-2234200454 .layout1 .rt-meta,\n\t\t\t\t\t#rt-tpg-container-2234200454 .layout1 .rt-meta a,\n\t\t\t\t\t#rt-tpg-container-2234200454 .layout1 .rt-holder .post-meta-user .meta-data,\n\t\t\t\t\t#rt-tpg-container-2234200454 .layout1 .rt-holder .post-meta-user a,\n\t\t\t\t\t#rt-tpg-container-2234200454 .layout1 .rt-holder .rt-detail .post-meta .rt-tpg-social-share,\n\t\t\t\t\t#rt-tpg-container-2234200454 .rt-post-overlay .post-meta-user span,\n\t\t\t\t\t#rt-tpg-container-2234200454 .rt-post-overlay .post-meta-user,\n\t\t\t\t\t#rt-tpg-container-2234200454 .rt-post-overlay .post-meta-user a,\n\t\t\t\t\t#rt-tpg-container-2234200454 .rt-post-grid .post-meta-user,\n\t\t\t\t\t#rt-tpg-container-2234200454 .rt-post-grid .post-meta-user a,\n\t\t\t\t\t#rt-tpg-container-2234200454 .rt-post-box-media-style .post-meta-user,\n\t\t\t\t\t#rt-tpg-container-2234200454 .rt-post-box-media-style .post-meta-user a,\n\t\t\t\t\t#rt-tpg-container-2234200454 .layout1 .post-meta-user i,\n\t\t\t\t\t#rt-tpg-container-2234200454 .rt-detail .post-meta-category a,\n\t\t\t\t\t#rt-tpg-container-2234200454 .layout1 .post-meta-user a\n\t\t\t\t\t#rt-tpg-container-2234200454 .layout1 .post-meta-user a {font-size:13px;}<\/style><div class='rt-container-fluid rt-tpg-container tpg-shortcode-main-wrapper ' id='rt-tpg-container-2234200454'   data-layout='layout1' data-grid-style='even' data-desktop-col='3'  data-tab-col='2'  data-mobile-col='1' data-sc-id='2166'><div data-title='Loading ...' class='rt-row rt-content-loader   layout1 tpg-even '><div class=\"rt-col-md-4 rt-col-sm-6 rt-col-xs-12 even-grid-item rt-grid-item img_zoom_in\" data-id=\"2258\"><div class=\"rt-holder\"><div class=\"rt-img-holder\"><a data-id=\"2258\" class=\"\" href=\"https:\/\/centrebertrandgruss.com\/WordPress4\/?p=2258\"><img loading=\"lazy\" decoding=\"async\" width=\"1317\" height=\"1827\" src=\"https:\/\/centrebertrandgruss.com\/WordPress4\/wp-content\/uploads\/2026\/02\/ATELIER-PARENT-ADOS-GRATUIT.jpg\" class=\"rt-img-responsive \" alt=\"\" \/><\/a><\/div><div class='rt-detail'><h4 class=\"entry-title\"><a data-id=\"2258\" class=\"\" href=\"https:\/\/centrebertrandgruss.com\/WordPress4\/?p=2258\">ATELIER PARENT\/ADOS GRATUIT<\/a><\/h4><\/div><\/div><\/div><div class=\"rt-col-md-4 rt-col-sm-6 rt-col-xs-12 even-grid-item rt-grid-item img_zoom_in\" data-id=\"2254\"><div class=\"rt-holder\"><div class=\"rt-img-holder\"><a data-id=\"2254\" class=\"\" href=\"https:\/\/centrebertrandgruss.com\/WordPress4\/?p=2254\"><img loading=\"lazy\" decoding=\"async\" width=\"1314\" height=\"1825\" src=\"https:\/\/centrebertrandgruss.com\/WordPress4\/wp-content\/uploads\/2026\/02\/CHANTE-TA-CHANSON-atelier-du-dimanche.jpg\" class=\"rt-img-responsive \" alt=\"\" \/><\/a><\/div><div class='rt-detail'><h4 class=\"entry-title\"><a data-id=\"2254\" class=\"\" href=\"https:\/\/centrebertrandgruss.com\/WordPress4\/?p=2254\">CHANTE TA CHANSON &#8211; atelier du dimanche<\/a><\/h4><\/div><\/div><\/div><div class=\"rt-col-md-4 rt-col-sm-6 rt-col-xs-12 even-grid-item rt-grid-item img_zoom_in\" data-id=\"2249\"><div class=\"rt-holder\"><div class=\"rt-img-holder\"><a data-id=\"2249\" class=\"\" href=\"https:\/\/centrebertrandgruss.com\/WordPress4\/?p=2249\"><img loading=\"lazy\" decoding=\"async\" width=\"1186\" height=\"1680\" src=\"https:\/\/centrebertrandgruss.com\/WordPress4\/wp-content\/uploads\/2025\/09\/mister-gatto.jpg\" class=\"rt-img-responsive \" alt=\"\" \/><\/a><\/div><div class='rt-detail'><h4 class=\"entry-title\"><a data-id=\"2249\" class=\"\" href=\"https:\/\/centrebertrandgruss.com\/WordPress4\/?p=2249\">MISTERGATTO Le Chat Musical<\/a><\/h4><\/div><\/div><\/div><div class=\"rt-col-md-4 rt-col-sm-6 rt-col-xs-12 even-grid-item rt-grid-item img_zoom_in\" data-id=\"2243\"><div class=\"rt-holder\"><div class=\"rt-img-holder\"><a data-id=\"2243\" class=\"\" href=\"https:\/\/centrebertrandgruss.com\/WordPress4\/?p=2243\"><img loading=\"lazy\" decoding=\"async\" width=\"1162\" height=\"1524\" src=\"https:\/\/centrebertrandgruss.com\/WordPress4\/wp-content\/uploads\/2025\/09\/Le-Reve-de-GiacomoGiuseppe-Theatre-de-Nesle-les-12-et-13-Septembre.jpg\" class=\"rt-img-responsive \" alt=\"\" \/><\/a><\/div><div class='rt-detail'><h4 class=\"entry-title\"><a data-id=\"2243\" class=\"\" href=\"https:\/\/centrebertrandgruss.com\/WordPress4\/?p=2243\">Le R\u00eave de GiacomoGiuseppe &#8211; Th\u00e9\u00e2tre de Nesle les 12 et 13 Septembre<\/a><\/h4><\/div><\/div><\/div><div class=\"rt-col-md-4 rt-col-sm-6 rt-col-xs-12 even-grid-item rt-grid-item img_zoom_in\" data-id=\"2238\"><div class=\"rt-holder\"><div class=\"rt-img-holder\"><a data-id=\"2238\" class=\"\" href=\"https:\/\/centrebertrandgruss.com\/WordPress4\/?p=2238\"><img loading=\"lazy\" decoding=\"async\" width=\"1429\" height=\"2001\" src=\"https:\/\/centrebertrandgruss.com\/WordPress4\/wp-content\/uploads\/2025\/07\/creation-bertrand-gruss-company-jeunes.jpg\" class=\"rt-img-responsive \" alt=\"\" \/><\/a><\/div><div class='rt-detail'><h4 class=\"entry-title\"><a data-id=\"2238\" class=\"\" href=\"https:\/\/centrebertrandgruss.com\/WordPress4\/?p=2238\">COMPAGNIE DES JEUNES AUDITIONS OUVERTES<\/a><\/h4><\/div><\/div><\/div><div class=\"rt-col-md-4 rt-col-sm-6 rt-col-xs-12 even-grid-item rt-grid-item img_zoom_in\" data-id=\"2233\"><div class=\"rt-holder\"><div class=\"rt-img-holder\"><a data-id=\"2233\" class=\"\" href=\"https:\/\/centrebertrandgruss.com\/WordPress4\/?p=2233\"><img loading=\"lazy\" decoding=\"async\" width=\"608\" height=\"850\" src=\"https:\/\/centrebertrandgruss.com\/WordPress4\/wp-content\/uploads\/2025\/07\/mister-gatto.jpg\" class=\"rt-img-responsive \" alt=\"\" \/><\/a><\/div><div class='rt-detail'><h4 class=\"entry-title\"><a data-id=\"2233\" class=\"\" href=\"https:\/\/centrebertrandgruss.com\/WordPress4\/?p=2233\">Mister Gatto ! Mini Trios<\/a><\/h4><\/div><\/div><\/div><div class=\"rt-col-md-4 rt-col-sm-6 rt-col-xs-12 even-grid-item rt-grid-item img_zoom_in\" data-id=\"2203\"><div class=\"rt-holder\"><div class=\"rt-img-holder\"><a data-id=\"2203\" class=\"\" href=\"https:\/\/centrebertrandgruss.com\/WordPress4\/?p=2203\"><img loading=\"lazy\" decoding=\"async\" width=\"1243\" height=\"1737\" src=\"https:\/\/centrebertrandgruss.com\/WordPress4\/wp-content\/uploads\/2025\/04\/camille-claudel.jpg\" class=\"rt-img-responsive \" alt=\"\" \/><\/a><\/div><div class='rt-detail'><h4 class=\"entry-title\"><a data-id=\"2203\" class=\"\" href=\"https:\/\/centrebertrandgruss.com\/WordPress4\/?p=2203\">Camille Claudel 4 MAI 2025 TOUR DE BABEL<\/a><\/h4><\/div><\/div><\/div><div class=\"rt-col-md-4 rt-col-sm-6 rt-col-xs-12 even-grid-item rt-grid-item img_zoom_in\" data-id=\"2197\"><div class=\"rt-holder\"><div class=\"rt-img-holder\"><a data-id=\"2197\" class=\"\" href=\"https:\/\/centrebertrandgruss.com\/WordPress4\/?p=2197\"><img loading=\"lazy\" decoding=\"async\" width=\"1200\" height=\"1600\" src=\"https:\/\/centrebertrandgruss.com\/WordPress4\/wp-content\/uploads\/2025\/03\/DIDONE-PARIS.jpg\" class=\"rt-img-responsive \" alt=\"\" \/><\/a><\/div><div class='rt-detail'><h4 class=\"entry-title\"><a data-id=\"2197\" class=\"\" href=\"https:\/\/centrebertrandgruss.com\/WordPress4\/?p=2197\">DIDONE 14 MARS 2025<\/a><\/h4><\/div><\/div><\/div><div class=\"rt-col-md-4 rt-col-sm-6 rt-col-xs-12 even-grid-item rt-grid-item img_zoom_in\" data-id=\"2192\"><div class=\"rt-holder\"><div class=\"rt-img-holder\"><a data-id=\"2192\" class=\"\" href=\"https:\/\/centrebertrandgruss.com\/WordPress4\/?p=2192\"><img loading=\"lazy\" decoding=\"async\" width=\"1152\" height=\"1604\" src=\"https:\/\/centrebertrandgruss.com\/WordPress4\/wp-content\/uploads\/2025\/02\/DuTarot.jpg\" class=\"rt-img-responsive \" alt=\"\" \/><\/a><\/div><div class='rt-detail'><h4 class=\"entry-title\"><a data-id=\"2192\" class=\"\" href=\"https:\/\/centrebertrandgruss.com\/WordPress4\/?p=2192\">Du tarot \u00e0 l&#8217;autoanalyse<\/a><\/h4><\/div><\/div><\/div><div class=\"rt-col-md-4 rt-col-sm-6 rt-col-xs-12 even-grid-item rt-grid-item img_zoom_in\" data-id=\"2178\"><div class=\"rt-holder\"><div class=\"rt-img-holder\"><a data-id=\"2178\" class=\"\" href=\"https:\/\/centrebertrandgruss.com\/WordPress4\/?p=2178\"><img loading=\"lazy\" decoding=\"async\" width=\"1063\" height=\"1482\" src=\"https:\/\/centrebertrandgruss.com\/WordPress4\/wp-content\/uploads\/2025\/02\/LaTuaVoce.jpg\" class=\"rt-img-responsive \" alt=\"\" \/><\/a><\/div><div class='rt-detail'><h4 class=\"entry-title\"><a data-id=\"2178\" class=\"\" href=\"https:\/\/centrebertrandgruss.com\/WordPress4\/?p=2178\">LA TUA VOCE &#8211; Communiquer avec sa voix<\/a><\/h4><\/div><\/div><\/div><div class=\"rt-col-md-4 rt-col-sm-6 rt-col-xs-12 even-grid-item rt-grid-item img_zoom_in\" data-id=\"2139\"><div class=\"rt-holder\"><div class=\"rt-img-holder\"><a data-id=\"2139\" class=\"\" href=\"https:\/\/centrebertrandgruss.com\/WordPress4\/?p=2139\"><img loading=\"lazy\" decoding=\"async\" width=\"1131\" height=\"1600\" src=\"https:\/\/centrebertrandgruss.com\/WordPress4\/wp-content\/uploads\/2024\/08\/LOCANDINA-DIDONE.jpg\" class=\"rt-img-responsive \" alt=\"\" \/><\/a><\/div><div class='rt-detail'><h4 class=\"entry-title\"><a data-id=\"2139\" class=\"\" href=\"https:\/\/centrebertrandgruss.com\/WordPress4\/?p=2139\">DIDONE- 13,14,15 Septembre 2024 Verone, Italie<\/a><\/h4><\/div><\/div><\/div><div class=\"rt-col-md-4 rt-col-sm-6 rt-col-xs-12 even-grid-item rt-grid-item img_zoom_in\" data-id=\"2135\"><div class=\"rt-holder\"><div class=\"rt-img-holder\"><a data-id=\"2135\" class=\"\" href=\"https:\/\/centrebertrandgruss.com\/WordPress4\/?p=2135\"><img loading=\"lazy\" decoding=\"async\" width=\"1131\" height=\"1600\" src=\"https:\/\/centrebertrandgruss.com\/WordPress4\/wp-content\/uploads\/2024\/08\/LOCANDINA-VOIX-HUMAINE.jpg\" class=\"rt-img-responsive \" alt=\"\" \/><\/a><\/div><div class='rt-detail'><h4 class=\"entry-title\"><a data-id=\"2135\" class=\"\" href=\"https:\/\/centrebertrandgruss.com\/WordPress4\/?p=2135\">LA VOIX HUMEINE VARIATION SUR THEME- 22,23 Septembre 2024, Paris<\/a><\/h4><\/div><\/div><\/div><div class=\"rt-col-md-4 rt-col-sm-6 rt-col-xs-12 even-grid-item rt-grid-item img_zoom_in\" data-id=\"2128\"><div class=\"rt-holder\"><div class=\"rt-img-holder\"><a data-id=\"2128\" class=\"\" href=\"https:\/\/centrebertrandgruss.com\/WordPress4\/?p=2128\"><img loading=\"lazy\" decoding=\"async\" width=\"1440\" height=\"2560\" src=\"https:\/\/centrebertrandgruss.com\/WordPress4\/wp-content\/uploads\/2024\/06\/STORY-2-scaled.jpg\" class=\"rt-img-responsive \" alt=\"\" \/><\/a><\/div><div class='rt-detail'><h4 class=\"entry-title\"><a data-id=\"2128\" class=\"\" href=\"https:\/\/centrebertrandgruss.com\/WordPress4\/?p=2128\">Le grandi storie accadono a chi le sa raccontare<\/a><\/h4><\/div><\/div><\/div><div class=\"rt-col-md-4 rt-col-sm-6 rt-col-xs-12 even-grid-item rt-grid-item img_zoom_in\" data-id=\"2121\"><div class=\"rt-holder\"><div class=\"rt-img-holder\"><a data-id=\"2121\" class=\"\" href=\"https:\/\/centrebertrandgruss.com\/WordPress4\/?p=2121\"><img loading=\"lazy\" decoding=\"async\" width=\"1131\" height=\"1600\" src=\"https:\/\/centrebertrandgruss.com\/WordPress4\/wp-content\/uploads\/2024\/04\/IMG-20240408-WA0005.jpg\" class=\"rt-img-responsive \" alt=\"\" \/><\/a><\/div><div class='rt-detail'><h4 class=\"entry-title\"><a data-id=\"2121\" class=\"\" href=\"https:\/\/centrebertrandgruss.com\/WordPress4\/?p=2121\">La Voix de l&#8217;\u00e9motion 21 Avril<\/a><\/h4><\/div><\/div><\/div><div class=\"rt-col-md-4 rt-col-sm-6 rt-col-xs-12 even-grid-item rt-grid-item img_zoom_in\" data-id=\"2115\"><div class=\"rt-holder\"><div class=\"rt-img-holder\"><a data-id=\"2115\" class=\"\" href=\"https:\/\/centrebertrandgruss.com\/WordPress4\/?p=2115\"><img loading=\"lazy\" decoding=\"async\" width=\"1132\" height=\"1600\" src=\"https:\/\/centrebertrandgruss.com\/WordPress4\/wp-content\/uploads\/2024\/02\/IMG-20240219-WA0000.jpg\" class=\"rt-img-responsive \" alt=\"\" \/><\/a><\/div><div class='rt-detail'><h4 class=\"entry-title\"><a data-id=\"2115\" class=\"\" href=\"https:\/\/centrebertrandgruss.com\/WordPress4\/?p=2115\">La Voix de l&#8217;\u00e9motion 10 Mars<\/a><\/h4><\/div><\/div><\/div><div class=\"rt-col-md-4 rt-col-sm-6 rt-col-xs-12 even-grid-item rt-grid-item img_zoom_in\" data-id=\"1839\"><div class=\"rt-holder\"><div class=\"rt-img-holder\"><a data-id=\"1839\" class=\"\" href=\"https:\/\/centrebertrandgruss.com\/WordPress4\/?p=1839\"><img loading=\"lazy\" decoding=\"async\" width=\"1058\" height=\"1497\" src=\"https:\/\/centrebertrandgruss.com\/WordPress4\/wp-content\/uploads\/2019\/10\/FLYER-VERSO-pdf.jpg\" class=\"rt-img-responsive \" alt=\"thumbnail of FLYER VERSO\" \/><\/a><\/div><div class='rt-detail'><h4 class=\"entry-title\"><a data-id=\"1839\" class=\"\" href=\"https:\/\/centrebertrandgruss.com\/WordPress4\/?p=1839\">Cours de PIANO e CHANT<\/a><\/h4><\/div><\/div><\/div><div class=\"rt-col-md-4 rt-col-sm-6 rt-col-xs-12 even-grid-item rt-grid-item img_zoom_in\" data-id=\"1835\"><div class=\"rt-holder\"><div class=\"rt-img-holder\"><a data-id=\"1835\" class=\"\" href=\"https:\/\/centrebertrandgruss.com\/WordPress4\/?p=1835\"><img loading=\"lazy\" decoding=\"async\" width=\"1058\" height=\"1497\" src=\"https:\/\/centrebertrandgruss.com\/WordPress4\/wp-content\/uploads\/2019\/10\/flyer-RECTO-pdf.jpg\" class=\"rt-img-responsive \" alt=\"thumbnail of flyer RECTO\" \/><\/a><\/div><div class='rt-detail'><h4 class=\"entry-title\"><a data-id=\"1835\" class=\"\" href=\"https:\/\/centrebertrandgruss.com\/WordPress4\/?p=1835\">Ouverture Inscriptions cours de PIANO e CHANT<\/a><\/h4><\/div><\/div><\/div><\/div><\/div>\n<\/div>\n<\/div>\n","protected":false},"excerpt":{"rendered":"","protected":false},"author":1,"featured_media":0,"parent":0,"menu_order":13,"comment_status":"closed","ping_status":"closed","template":"page-right-sidebar-modded.php","meta":{"footnotes":""},"class_list":["post-8","page","type-page","status-publish","hentry"],"rttpg_featured_image_url":null,"rttpg_author":{"display_name":"admin","author_link":"https:\/\/centrebertrandgruss.com\/WordPress4\/?author=1"},"rttpg_comment":0,"rttpg_category":"","rttpg_excerpt":null,"_links":{"self":[{"href":"https:\/\/centrebertrandgruss.com\/WordPress4\/index.php?rest_route=\/wp\/v2\/pages\/8","targetHints":{"allow":["GET"]}}],"collection":[{"href":"https:\/\/centrebertrandgruss.com\/WordPress4\/index.php?rest_route=\/wp\/v2\/pages"}],"about":[{"href":"https:\/\/centrebertrandgruss.com\/WordPress4\/index.php?rest_route=\/wp\/v2\/types\/page"}],"author":[{"embeddable":true,"href":"https:\/\/centrebertrandgruss.com\/WordPress4\/index.php?rest_route=\/wp\/v2\/users\/1"}],"replies":[{"embeddable":true,"href":"https:\/\/centrebertrandgruss.com\/WordPress4\/index.php?rest_route=%2Fwp%2Fv2%2Fcomments&post=8"}],"version-history":[{"count":25,"href":"https:\/\/centrebertrandgruss.com\/WordPress4\/index.php?rest_route=\/wp\/v2\/pages\/8\/revisions"}],"predecessor-version":[{"id":2231,"href":"https:\/\/centrebertrandgruss.com\/WordPress4\/index.php?rest_route=\/wp\/v2\/pages\/8\/revisions\/2231"}],"wp:attachment":[{"href":"https:\/\/centrebertrandgruss.com\/WordPress4\/index.php?rest_route=%2Fwp%2Fv2%2Fmedia&parent=8"}],"curies":[{"name":"wp","href":"https:\/\/api.w.org\/{rel}","templated":true}]}}